{"id":457,"date":"2019-09-24T11:30:28","date_gmt":"2019-09-24T11:30:28","guid":{"rendered":"http:\/\/knoeppel.ch\/?page_id=457"},"modified":"2023-11-10T16:14:53","modified_gmt":"2023-11-10T16:14:53","slug":"alben","status":"publish","type":"page","link":"https:\/\/knoeppel.ch\/?page_id=457","title":{"rendered":"Alben"},"content":{"rendered":"<p><strong>2023<\/strong><br \/>\n<a href=\"https:\/\/knoeppel.ch\/?page_id=562\">Kn\u00f6ppel &#8211; Sex-Jazz-Scheisse<\/a><br \/>\n<iframe loading=\"lazy\" width=\"600\" height=\"120\" style=\"position: relative; display: block; width: 600px; height: 120px;\" src=\"\/\/bandcamp.com\/EmbeddedPlayer\/v=2\/album=3250514139\/size=large\/bgcol=ffffff\/linkcol=333333\/tracklist=false\/artwork=small\/\" allowtransparency=\"true\" frameborder=\"0\"><\/iframe><\/p>\n<p><strong>2019<\/strong><br \/>\n<a href=\"http:\/\/knoeppel.ch\/?page_id=426\">Kn\u00f6ppel &#8211; Faszination Glied<\/a><br \/>\n<iframe loading=\"lazy\" width=\"600\" height=\"120\" style=\"position: relative; display: block; width: 600px; height: 120px;\" src=\"\/\/bandcamp.com\/EmbeddedPlayer\/v=2\/album=3595426709\/size=large\/bgcol=ffffff\/linkcol=333333\/tracklist=false\/artwork=small\/\" allowtransparency=\"true\" frameborder=\"0\"><\/iframe><\/p>\n<p><a href=\"http:\/\/knoeppel.ch\/?page_id=450\">Jack Stoiker &#8211; Moorge! (Live im Torpedo)<\/a><br \/>\n<iframe loading=\"lazy\" width=\"600\" height=\"120\" style=\"position: relative; display: block; width: 600px; height: 120px;\" src=\"\/\/bandcamp.com\/EmbeddedPlayer\/v=2\/album=2991484532\/size=large\/bgcol=ffffff\/linkcol=333333\/tracklist=false\/artwork=small\/\" allowtransparency=\"true\" frameborder=\"0\"><\/iframe><\/p>\n<p><strong>2016<\/strong><br \/>\n<a href=\"http:\/\/knoeppel.ch\/?page_id=37\">Kn\u00f6ppel &#8211; Hey Wichsers<\/a><br \/>\n<iframe loading=\"lazy\" width=\"600\" height=\"120\" style=\"position: relative; display: block; width: 600px; height: 120px;\" src=\"\/\/bandcamp.com\/EmbeddedPlayer\/v=2\/album=2222352509\/size=large\/bgcol=ffffff\/linkcol=333333\/tracklist=false\/artwork=small\/\" allowtransparency=\"true\" frameborder=\"0\"><\/iframe><\/p>\n","protected":false},"excerpt":{"rendered":"<p>2023 Kn\u00f6ppel &#8211; Sex-Jazz-Scheisse 2019 Kn\u00f6ppel &#8211; Faszination Glied Jack Stoiker &#8211; Moorge! (Live im Torpedo) 2016 Kn\u00f6ppel &#8211; Hey Wichsers<\/p>\n","protected":false},"author":1,"featured_media":0,"parent":0,"menu_order":0,"comment_status":"closed","ping_status":"closed","template":"","meta":{"jetpack_post_was_ever_published":false,"footnotes":""},"jetpack_sharing_enabled":true,"jetpack_shortlink":"https:\/\/wp.me\/P8nSDI-7n","_links":{"self":[{"href":"https:\/\/knoeppel.ch\/index.php?rest_route=\/wp\/v2\/pages\/457"}],"collection":[{"href":"https:\/\/knoeppel.ch\/index.php?rest_route=\/wp\/v2\/pages"}],"about":[{"href":"https:\/\/knoeppel.ch\/index.php?rest_route=\/wp\/v2\/types\/page"}],"author":[{"embeddable":true,"href":"https:\/\/knoeppel.ch\/index.php?rest_route=\/wp\/v2\/users\/1"}],"replies":[{"embeddable":true,"href":"https:\/\/knoeppel.ch\/index.php?rest_route=%2Fwp%2Fv2%2Fcomments&post=457"}],"version-history":[{"count":5,"href":"https:\/\/knoeppel.ch\/index.php?rest_route=\/wp\/v2\/pages\/457\/revisions"}],"predecessor-version":[{"id":569,"href":"https:\/\/knoeppel.ch\/index.php?rest_route=\/wp\/v2\/pages\/457\/revisions\/569"}],"wp:attachment":[{"href":"https:\/\/knoeppel.ch\/index.php?rest_route=%2Fwp%2Fv2%2Fmedia&parent=457"}],"curies":[{"name":"wp","href":"https:\/\/api.w.org\/{rel}","templated":true}]}}